{"id":1096,"date":"2025-08-14T14:09:24","date_gmt":"2025-08-14T14:09:24","guid":{"rendered":"https:\/\/footballintell.eu\/?page_id=1096"},"modified":"2025-08-25T19:47:45","modified_gmt":"2025-08-25T19:47:45","slug":"groepsbegeleiding-voor-nieuwe-jeugdtrainers","status":"publish","type":"page","link":"https:\/\/footballintell.eu\/index.php\/groepsbegeleiding-voor-nieuwe-jeugdtrainers\/","title":{"rendered":"Groepsbegeleiding voor nieuwe jeugdtrainers"},"content":{"rendered":"\n<p>In Nederland is een groot tekort aan opgeleide voetbaltrainers. Veel clubs vangen dit op door welwillende ouders, oudere jeugdspelers of gestopte selectiespelers in te zetten als trainer-coach. Hun inzet is waardevol en vaak hard nodig, maar regelmatig belanden zij zonder enige trainerservaring direct voor een groep kinderen. Het gevolg? Trainingen zijn soms minder effectief, het tempo ligt laag en het is zoeken naar de juiste omgangsvormen in de rol van coach.<\/p>\n\n\n\n<p>Met mijn begeleiding help ik deze startende trainers om <strong>snel en met plezier<\/strong> de basis van het trainersvak te leren. In een kort traject van idealiter vier avonden, met minimaal acht (en maximaal 24) deelnemers, gaan we aan de slag met onder andere:<\/p>\n\n\n\n<ul class=\"wp-block-list\">\n<li>Hoe combineer je plezier met leerzame trainingen?<\/li>\n\n\n\n<li>Hoe houd je de aandacht van kinderen vast \u00e9n zorg je voor tempo in je oefenvormen?<\/li>\n\n\n\n<li>Wat vraagt het coachen van verschillende leeftijdsgroepen?<\/li>\n\n\n\n<li>Hoe bereid je met weinig tijd toch een goede training voor?<\/li>\n\n\n\n<li>Hoe beperk je tijdverlies tijdens trainingen?<\/li>\n<\/ul>\n\n\n\n<div class=\"wp-block-stackable-columns stk-block-columns stk-block stk-f60d18c\" data-block-id=\"f60d18c\"><div class=\"stk-row stk-inner-blocks stk-block-content stk-content-align stk-f60d18c-column\">\n<div class=\"wp-block-stackable-column stk-block-column stk-column stk-block stk-df21c98\" data-v=\"4\" data-block-id=\"df21c98\"><div class=\"stk-column-wrapper stk-block-column__content stk-container stk-df21c98-container stk--no-background stk--no-padding\"><div class=\"stk-block-content stk-inner-blocks stk-df21c98-inner-blocks\">\n<div class=\"wp-block-stackable-columns stk-block-columns stk-block stk-4d0cbd6\" data-block-id=\"4d0cbd6\"><div class=\"stk-row stk-inner-blocks stk-block-content stk-content-align stk-4d0cbd6-column\">\n<div class=\"wp-block-stackable-column stk-block-column stk-column stk-block stk-f16a72f\" data-v=\"4\" data-block-id=\"f16a72f\"><style>@media screen and (min-width:690px){.stk-f16a72f {flex:var(--stk-flex-grow, 1) 1 calc(33.333% - var(--stk-column-gap, 0px) * 2 \/ 3 ) !important;}}<\/style><div class=\"stk-column-wrapper stk-block-column__content stk-container stk-f16a72f-container stk--no-background stk--no-padding\"><div class=\"stk-block-content stk-inner-blocks stk-f16a72f-inner-blocks\">\n<h6 class=\"wp-block-heading\"><strong><span style=\"color: var(--theme-palette-color-1, #e65616);\" class=\"stk-highlight\">Leren door te doen<\/span><\/strong><\/h6>\n\n\n\n<p>Met mijn passie, ervaring en pedagogische\/didactische vaardigheden weet ik deelnemers te enthousiasmeren voor het trainersvak. We werken interactief: Eerst worden oefeningen uitgewerkt door de trainers zelf, deze bespreken we samen. Dan voeren de coaches het praktisch uit, waarna we met elkaar het effect evalueren. Iedereen doet dus mee \u2013 zowel op het veld als in de voor- \u00e9n nabespreking. Door veel vragen te stellen, cre\u00eber ik inzicht in wat \u00e9cht werkt met jonge spelers en speelsters. Zo besteden we minimale tijd, met maximaal resultaat.<\/p>\n\n\n\n<h6 class=\"wp-block-heading\"><strong><span style=\"color: var(--theme-palette-color-1, #e65616);\" class=\"stk-highlight\">Praktische organisatie<\/span><\/strong><\/h6>\n\n\n\n<p>Voor drie van de vier avonden is een (heel) veld nodig, waarvan op twee avonden ook ongeveer 40 kinderen aanwezig zijn (leeftijd maakt niet uit). In overleg kan dit eventueel worden aangepast naar een half veld met minder kinderen. <\/p>\n<\/div><\/div><\/div>\n\n\n\n<div class=\"wp-block-stackable-column stk-block-column stk-column stk-block stk-cf52dca\" data-v=\"4\" data-block-id=\"cf52dca\"><style>@media screen and (min-width:690px){.stk-cf52dca {flex:var(--stk-flex-grow, 1) 1 calc(64.3% - var(--stk-column-gap, 0px) * 2 \/ 3 ) !important;}}<\/style><div class=\"stk-column-wrapper stk-block-column__content stk-container stk-cf52dca-container stk--no-background stk--no-padding\"><div class=\"stk-block-content stk-inner-blocks stk-cf52dca-inner-blocks\">\n<figure class=\"wp-block-image alignwide size-large\"><img loading=\"lazy\" decoding=\"async\" width=\"1024\" height=\"706\" src=\"https:\/\/footballintell.eu\/wp-content\/uploads\/2025\/08\/O9-Code-Oranje-v2-1024x706.jpg\" alt=\"\" class=\"wp-image-1104\" srcset=\"https:\/\/footballintell.eu\/wp-content\/uploads\/2025\/08\/O9-Code-Oranje-v2-1024x706.jpg 1024w, https:\/\/footballintell.eu\/wp-content\/uploads\/2025\/08\/O9-Code-Oranje-v2-300x207.jpg 300w, https:\/\/footballintell.eu\/wp-content\/uploads\/2025\/08\/O9-Code-Oranje-v2-768x529.jpg 768w, https:\/\/footballintell.eu\/wp-content\/uploads\/2025\/08\/O9-Code-Oranje-v2-1536x1058.jpg 1536w, https:\/\/footballintell.eu\/wp-content\/uploads\/2025\/08\/O9-Code-Oranje-v2-2048x1411.jpg 2048w\" sizes=\"auto, (max-width: 1024px) 100vw, 1024px\" \/><\/figure>\n<\/div><\/div><\/div>\n\n\n\n<div class=\"wp-block-stackable-column stk-block-column stk-column stk-block stk-9741afc\" data-v=\"4\" data-block-id=\"9741afc\"><style>@media screen and (min-width:690px){.stk-9741afc {flex:var(--stk-flex-grow, 1) 1 calc(2.3670000000000044% - var(--stk-column-gap, 0px) * 2 \/ 3 ) !important;}}<\/style><div class=\"stk-column-wrapper stk-block-column__content stk-container stk-9741afc-container stk--no-background stk--no-padding\"><div class=\"stk-block-content stk-inner-blocks stk-9741afc-inner-blocks\"><\/div><\/div><\/div>\n<\/div><\/div>\n<\/div><\/div><\/div>\n<\/div><\/div>\n\n\n\n<div class=\"wp-block-stackable-columns stk-block-columns stk-block stk-679bcb2\" data-block-id=\"679bcb2\"><div class=\"stk-row stk-inner-blocks stk-block-content stk-content-align stk-679bcb2-column\">\n<div class=\"wp-block-stackable-column stk-block-column stk-column stk-block stk-da2e8be\" data-v=\"4\" data-block-id=\"da2e8be\"><div class=\"stk-column-wrapper stk-block-column__content stk-container stk-da2e8be-container stk--no-background stk--no-padding\"><div class=\"stk-block-content stk-inner-blocks stk-da2e8be-inner-blocks\">\n<p><strong>Is er behoefte aan een kwaliteitsimpuls van het trainerscorps?<\/strong><br>Laten we kennismaken \u2013 online of op het veld. Vertel me over de benodigde tools voor uw (jeugd)trainers, dan kijken we samen op welke manier we een aantal avonden praktisch kunnen inrichten voor hen.<br>\ud83d\udce9\u00a0<a href=\"mailto: ruud@footballintell.eu\">Neem contact op<\/a>\u00a0en zet vandaag de eerste stap.<\/p>\n<\/div><\/div><\/div>\n<\/div><\/div>\n","protected":false},"excerpt":{"rendered":"<p>In Nederland is een groot tekort aan opgeleide voetbaltrainers. Veel clubs vangen dit op door welwillende ouders, oudere jeugdspelers of gestopte selectiespelers in te zetten als trainer-coach. Hun inzet is waardevol en vaak hard nodig, maar regelmatig belanden zij zonder enige trainerservaring direct voor een groep kinderen. Het gevolg? Trainingen zijn soms minder effectief, het [&hellip;]<\/p>\n","protected":false},"author":1,"featured_media":0,"parent":0,"menu_order":0,"comment_status":"closed","ping_status":"closed","template":"","meta":{"footnotes":""},"class_list":["post-1096","page","type-page","status-publish","hentry"],"blocksy_meta":[],"_links":{"self":[{"href":"https:\/\/footballintell.eu\/index.php\/wp-json\/wp\/v2\/pages\/1096","targetHints":{"allow":["GET"]}}],"collection":[{"href":"https:\/\/footballintell.eu\/index.php\/wp-json\/wp\/v2\/pages"}],"about":[{"href":"https:\/\/footballintell.eu\/index.php\/wp-json\/wp\/v2\/types\/page"}],"author":[{"embeddable":true,"href":"https:\/\/footballintell.eu\/index.php\/wp-json\/wp\/v2\/users\/1"}],"replies":[{"embeddable":true,"href":"https:\/\/footballintell.eu\/index.php\/wp-json\/wp\/v2\/comments?post=1096"}],"version-history":[{"count":7,"href":"https:\/\/footballintell.eu\/index.php\/wp-json\/wp\/v2\/pages\/1096\/revisions"}],"predecessor-version":[{"id":1170,"href":"https:\/\/footballintell.eu\/index.php\/wp-json\/wp\/v2\/pages\/1096\/revisions\/1170"}],"wp:attachment":[{"href":"https:\/\/footballintell.eu\/index.php\/wp-json\/wp\/v2\/media?parent=1096"}],"curies":[{"name":"wp","href":"https:\/\/api.w.org\/{rel}","templated":true}]}}